{"id":1540,"date":"2023-12-12T10:20:22","date_gmt":"2023-12-12T10:20:22","guid":{"rendered":"https:\/\/latteriacookingclass.com\/condizioni-di-prenotazione\/"},"modified":"2023-12-12T10:20:22","modified_gmt":"2023-12-12T10:20:22","slug":"condizioni-di-prenotazione","status":"publish","type":"page","link":"https:\/\/latteriacookingclass.com\/it\/condizioni-di-prenotazione\/","title":{"rendered":"Condizioni di prenotazione"},"content":{"rendered":"<p>Per confermare la prenotazione \u00e8 necessario pagare un deposito pari al 50% del costo totale.<\/p>\n<p>La quota rimanente sar\u00e0 pagata sul posto al termine dell&#8217;esperienza.<\/p>\n<p>In caso di cancellazione o mancata presentazione il deposito sar\u00e0 trattenuto come penale, non \u00e8 previsto alcun rimborso.<\/p>\n<p>&nbsp;<\/p>\n","protected":false},"excerpt":{"rendered":"<p>Per confermare la prenotazione \u00e8 necessario pagare un deposito pari al 50% del costo totale. La quota rimanente sar\u00e0 pagata sul posto al termine dell&#8217;esperienza. In caso di cancellazione o mancata presentazione il deposito sar\u00e0 [&hellip;]<\/p>\n","protected":false},"author":1,"featured_media":0,"parent":0,"menu_order":0,"comment_status":"closed","ping_status":"closed","template":"","meta":{"footnotes":""},"class_list":["post-1540","page","type-page","status-publish","hentry"],"_links":{"self":[{"href":"https:\/\/latteriacookingclass.com\/it\/wp-json\/wp\/v2\/pages\/1540","targetHints":{"allow":["GET"]}}],"collection":[{"href":"https:\/\/latteriacookingclass.com\/it\/wp-json\/wp\/v2\/pages"}],"about":[{"href":"https:\/\/latteriacookingclass.com\/it\/wp-json\/wp\/v2\/types\/page"}],"author":[{"embeddable":true,"href":"https:\/\/latteriacookingclass.com\/it\/wp-json\/wp\/v2\/users\/1"}],"replies":[{"embeddable":true,"href":"https:\/\/latteriacookingclass.com\/it\/wp-json\/wp\/v2\/comments?post=1540"}],"version-history":[{"count":0,"href":"https:\/\/latteriacookingclass.com\/it\/wp-json\/wp\/v2\/pages\/1540\/revisions"}],"wp:attachment":[{"href":"https:\/\/latteriacookingclass.com\/it\/wp-json\/wp\/v2\/media?parent=1540"}],"curies":[{"name":"wp","href":"https:\/\/api.w.org\/{rel}","templated":true}]}}