{"id":566,"date":"2022-03-02T10:46:41","date_gmt":"2022-03-02T10:46:41","guid":{"rendered":"https:\/\/latteriacookingclass.com\/chi-siamo\/"},"modified":"2023-03-31T15:47:20","modified_gmt":"2023-03-31T15:47:20","slug":"chi-siamo","status":"publish","type":"page","link":"https:\/\/latteriacookingclass.com\/it\/chi-siamo\/","title":{"rendered":"Chi siamo"},"content":{"rendered":"\n<p>La Latteria \u00e8 un locale storico di Positano, che ha visto la luce grazie all&#8217;impegno della nostra famiglia nel 1955, con l&#8217;originaria funzione di caseificio. Nel corso degli anni, la Latteria \u00e8 diventata sempre pi\u00f9 un punto di riferimento per la citt\u00e0 di Positano per prodotti eccellenti e di prima qualit\u00e0. Dal 1991 per via di alcune restrizioni di legge, la produzione di prodotti caseari si \u00e8 fermata nei centri abitati, e cos\u00ec \u00e8 stato anche per Latteria, data la posizione nel cuore della citt\u00e0. La rivendita di prodotti caseari, tuttavia, non si \u00e8 mai interrotta, deliziando gli abitanti di Positano e dintorni e i turisti di tutto il mondo, fino ad oggi.<\/p>\n\n<h2 class=\"wp-block-heading\">Una nuova pagina della nostra Storia<\/h2>\n\n<p>Dal 2023 la Latteria ha intrapreso un nuovo corso.<br\/>Forti della nostra storia di produzione e rivendita di prodotti caseari che hanno affascinato il mondo intero, vogliamo far vivere ai nostri visitatori l&#8217;emozione della cucina tipica campana in tutte le sue sfaccettature. Ecco perch\u00e9 Latteria \u00e8 stata trasformata in una splendida location per i corsi di cucina. Anche se non siamo pi\u00f9 aperti alla rivendita al pubblico, i clienti delle nostre cooking classes potranno scegliere in vetrina di acquistare le prelibatezze enogatronomiche italiane tra un assortimento di formaggi e vini tipici, marmellate e limoncello di produzione locale e la famosa pasta di Gragnano.<\/p>\n\n<div id=\"block-d9e064-22d4-4d\" class=\"wp-block-gutenbee-justified-gallery block-d9e064-22d4-4d wp-block-gutenbee-gallery-columns gutenbee-columns-3\" data-gallery-type=\"columns\" data-row-height=\"120\" data-margins=\"1\" data-last-row=\"nojustify\" data-randomize=\"false\"><div class=\"wp-block-gutenbee-gallery-content\"><div class=\"wp-block-gutenbee-gallery-item\"><img decoding=\"async\" src=\"https:\/\/latteriacookingclass.com\/wp-content\/uploads\/2023\/03\/vittoria-in-our-latteria-23-scaled.jpg\" alt=\"\" data-id=\"468\" data-link=\"https:\/\/latteriacookingclass.com\/about-us\/vittoria-in-our-latteria-23\/\" data-source-url=\"https:\/\/latteriacookingclass.com\/wp-content\/uploads\/2023\/03\/vittoria-in-our-latteria-23-scaled.jpg\" class=\"wp-block-gutenbee-gallery-item-image\"><\/div><div class=\"wp-block-gutenbee-gallery-item\"><img decoding=\"async\" src=\"https:\/\/latteriacookingclass.com\/wp-content\/uploads\/2023\/03\/latteria-positano-toast-scaled.jpg\" alt=\"\" data-id=\"475\" data-link=\"https:\/\/latteriacookingclass.com\/about-us\/latteria-positano-toast\/\" data-source-url=\"https:\/\/latteriacookingclass.com\/wp-content\/uploads\/2023\/03\/latteria-positano-toast-scaled.jpg\" class=\"wp-block-gutenbee-gallery-item-image\"><\/div><div class=\"wp-block-gutenbee-gallery-item\"><img decoding=\"async\" src=\"https:\/\/latteriacookingclass.com\/wp-content\/uploads\/2023\/03\/vittoria-in-our-latteria-10-scaled.jpg\" alt=\"\" data-id=\"466\" data-link=\"https:\/\/latteriacookingclass.com\/about-us\/vittoria-in-our-latteria-10\/\" data-source-url=\"https:\/\/latteriacookingclass.com\/wp-content\/uploads\/2023\/03\/vittoria-in-our-latteria-10-scaled.jpg\" class=\"wp-block-gutenbee-gallery-item-image\"><\/div><\/div><\/div>\n","protected":false},"excerpt":{"rendered":"<p>La Latteria \u00e8 un locale storico di Positano, che ha visto la luce grazie all&#8217;impegno della nostra famiglia nel 1955, con l&#8217;originaria funzione di caseificio. Nel corso degli anni, la Latteria \u00e8 diventata sempre pi\u00f9 [&hellip;]<\/p>\n","protected":false},"author":1,"featured_media":506,"parent":0,"menu_order":0,"comment_status":"closed","ping_status":"closed","template":"templates\/template-fullwidth-boxed.php","meta":{"footnotes":""},"class_list":["post-566","page","type-page","status-publish","has-post-thumbnail","hentry"],"_links":{"self":[{"href":"https:\/\/latteriacookingclass.com\/it\/wp-json\/wp\/v2\/pages\/566","targetHints":{"allow":["GET"]}}],"collection":[{"href":"https:\/\/latteriacookingclass.com\/it\/wp-json\/wp\/v2\/pages"}],"about":[{"href":"https:\/\/latteriacookingclass.com\/it\/wp-json\/wp\/v2\/types\/page"}],"author":[{"embeddable":true,"href":"https:\/\/latteriacookingclass.com\/it\/wp-json\/wp\/v2\/users\/1"}],"replies":[{"embeddable":true,"href":"https:\/\/latteriacookingclass.com\/it\/wp-json\/wp\/v2\/comments?post=566"}],"version-history":[{"count":1,"href":"https:\/\/latteriacookingclass.com\/it\/wp-json\/wp\/v2\/pages\/566\/revisions"}],"predecessor-version":[{"id":567,"href":"https:\/\/latteriacookingclass.com\/it\/wp-json\/wp\/v2\/pages\/566\/revisions\/567"}],"wp:featuredmedia":[{"embeddable":true,"href":"https:\/\/latteriacookingclass.com\/it\/wp-json\/wp\/v2\/media\/506"}],"wp:attachment":[{"href":"https:\/\/latteriacookingclass.com\/it\/wp-json\/wp\/v2\/media?parent=566"}],"curies":[{"name":"wp","href":"https:\/\/api.w.org\/{rel}","templated":true}]}}