{"id":2300,"date":"2024-12-23T21:25:09","date_gmt":"2024-12-23T21:25:09","guid":{"rendered":"https:\/\/latteriacookingclass.com\/?post_type=product&#038;p=2300"},"modified":"2026-04-22T18:30:37","modified_gmt":"2026-04-22T18:30:37","slug":"cooking-class-pomeridiana","status":"publish","type":"product","link":"https:\/\/latteriacookingclass.com\/it\/prodotto\/cooking-class-pomeridiana\/","title":{"rendered":"Cooking Class ~ Pomeriggio"},"content":{"rendered":"<p>Trascorri un pomeriggio con noi e scopri tutti i segreti della cucina italiana. Il nostro chef Francesco e sua sorella Maria vi accompagneranno in un&#8217;affascinante e divertente avventura culinaria.<br \/>\nSono benvenuti partecipanti di ogni livello.<br \/>\nLa durata della lezione \u00e8 di circa 3 ore.<\/p>\n<p>Cortesemente informateci in anticipo di ogni allergia o intolleranza alimentare.<\/p>\n<p>\u00c9 possibile effettuare anche un menu vegano\/vegetariano in lezioni private per un minimo di 2 persone.<\/p>\n<p>Il menu \u00e8 arricchito da prodotti della latteria e pu\u00f2 dipendere dalla stagione e dalla disponibilit\u00e0 dei prodotti.<br \/>\nIl menu include:<\/p>\n<ul>\n<li>Drink di benvenuto<\/li>\n<li>Antipasto<\/li>\n<li>Primo con pasta fatta a mano<\/li>\n<li>Secondo<\/li>\n<li>Dessert<\/li>\n<li>Acqua<\/li>\n<\/ul>\n<p>&nbsp;<\/p>\n<p><strong>N.B. Per questioni di sicurezza l&#8217;et\u00e0 minima dei partecipanti \u00e8 di 6 anni <\/strong><\/p>\n","protected":false},"excerpt":{"rendered":"<p>Impara a preparare i piatti italiani pi\u00f9 autentici nel cuore di Positano.<br \/>\nI nostri corsi di cucina interattivi alla Latteria consentono ai partecipanti di imparare passo dopo passo sotto la guida del nostro esperto chef locale Francesco e di sua sorella Maria, divertendosi a creare e gustare i loro deliziosi piatti italiani.<br \/>Quando: Il nostro corso di cucina si svolge dal luned\u00ec al sabato<br \/>\nDurata: La sessione inizia alle 16:30 e termina alle 19:30.<br \/>\nNumero di partecipanti: massimo 12 persone.<br \/>Non accettiamo bambini di et\u00e0 inferiore ai 6 anni. <\/p>\n","protected":false},"featured_media":388,"comment_status":"open","ping_status":"closed","template":"","meta":[],"product_brand":[],"product_cat":[84],"product_tag":[],"class_list":{"0":"post-2300","1":"product","2":"type-product","3":"status-publish","4":"has-post-thumbnail","6":"product_cat-cooking-classes-it","8":"first","9":"instock","10":"featured","11":"virtual","12":"sold-individually","13":"purchasable","14":"product-type-simple"},"_links":{"self":[{"href":"https:\/\/latteriacookingclass.com\/it\/wp-json\/wp\/v2\/product\/2300","targetHints":{"allow":["GET"]}}],"collection":[{"href":"https:\/\/latteriacookingclass.com\/it\/wp-json\/wp\/v2\/product"}],"about":[{"href":"https:\/\/latteriacookingclass.com\/it\/wp-json\/wp\/v2\/types\/product"}],"replies":[{"embeddable":true,"href":"https:\/\/latteriacookingclass.com\/it\/wp-json\/wp\/v2\/comments?post=2300"}],"wp:featuredmedia":[{"embeddable":true,"href":"https:\/\/latteriacookingclass.com\/it\/wp-json\/wp\/v2\/media\/388"}],"wp:attachment":[{"href":"https:\/\/latteriacookingclass.com\/it\/wp-json\/wp\/v2\/media?parent=2300"}],"wp:term":[{"taxonomy":"product_brand","embeddable":true,"href":"https:\/\/latteriacookingclass.com\/it\/wp-json\/wp\/v2\/product_brand?post=2300"},{"taxonomy":"product_cat","embeddable":true,"href":"https:\/\/latteriacookingclass.com\/it\/wp-json\/wp\/v2\/product_cat?post=2300"},{"taxonomy":"product_tag","embeddable":true,"href":"https:\/\/latteriacookingclass.com\/it\/wp-json\/wp\/v2\/product_tag?post=2300"}],"curies":[{"name":"wp","href":"https:\/\/api.w.org\/{rel}","templated":true}]}}