{"id":690,"date":"2023-03-15T16:44:53","date_gmt":"2023-03-15T16:44:53","guid":{"rendered":"https:\/\/latteriacookingclass.com\/product\/cooking-class-privata\/"},"modified":"2026-04-22T18:34:31","modified_gmt":"2026-04-22T18:34:31","slug":"private-cooking-class","status":"publish","type":"product","link":"https:\/\/latteriacookingclass.com\/it\/prodotto\/private-cooking-class\/","title":{"rendered":"Cooking Class Privata"},"content":{"rendered":"<p>Le nostre cooking classes sono perfette per coloro che amino la cucina italiana e vogliano sperimentare ricette della tradizione da riprodurre anche a casa. Chef Francesco e sua sorella Maria insegneranno ai partecipanti a preparare famosi piatti tradizionali come: pasta fresca fatta in casa, gnocchi, parmigiana, lasagne, deliziosi dolci e molto altro ancora.<br \/>\nSono benvenuti partecipanti di ogni livello di esperienza.<br \/>\nLa durata della lezione \u00e8 di circa 3 ore.<\/p>\n<p>Cortesemente informateci in anticipo di ogni allergia o intolleranza alimentare.<\/p>\n<p>\u00c9 possibile effettuare anche un menu vegano\/vegetariano in lezioni private per un minimo di 2 persone.<\/p>\n<p>Il menu \u00e8 arricchito da prodotti della latteria e pu\u00f2 dipendere dalla stagione e dalla disponibilit\u00e0 dei prodotti.<br \/>\nIl menu include:<\/p>\n<ul>\n<li>Drink di benvenuto<\/li>\n<li>Antipasto<\/li>\n<li>Primo con pasta fatta a mano<\/li>\n<li>Secondo<\/li>\n<li>Dessert<\/li>\n<li>Acqua<\/li>\n<\/ul>\n<p><strong>N.B. Per questioni di sicurezza l&#8217;et\u00e0 minima dei partecipanti \u00e8 di 6 anni <\/strong><\/p>\n","protected":false},"excerpt":{"rendered":"<p>Divertiti a cucinare con noi piatti della tradizione mediterranea nelle nostre cooking classes. Chef Francesco vi insegner\u00e0 a preparare una cena italiana perfetta, con pasta fatta in casa, latticini locali e tante prelibatezze in menu.<br \/>\nI nostri corsi di cucina interattivi alla Latteria prevedono che i partecipanti imparino passo dopo passo sotto la guida dei nostri chef.<br \/>\nGrazie alla nostra esperta chef locale Serafina e a sua madre, trascorrerete una serata unica cucinando come veri italiani e assaggiando piatti tipici della Campania.<\/p>\n<p><strong>Quando:<\/strong> Il nostro corso di cucina privato si tiene la sera, dal luned\u00ec al sabato<br \/>\n<strong>Numero di partecipanti:<\/strong>Minimo <strong>2<\/strong>, Massimo <strong>12<\/strong>.<br \/>\n<strong>Concorda con noi l&#8217;orario a te pi\u00f9 congeniale per la tua cooking class.<\/strong><\/p>\n<p><strong>N.B. Per questioni di sicurezza, l&#8217;et\u00e0 dei partecipanti deve essere superiore ai 6 anni. <\/strong><\/p>\n","protected":false},"featured_media":3266,"comment_status":"open","ping_status":"closed","template":"","meta":[],"product_brand":[],"product_cat":[84],"product_tag":[],"class_list":{"0":"post-690","1":"product","2":"type-product","3":"status-publish","4":"has-post-thumbnail","6":"product_cat-cooking-classes-it","8":"first","9":"instock","10":"featured","11":"virtual","12":"sold-individually","13":"purchasable","14":"product-type-simple"},"_links":{"self":[{"href":"https:\/\/latteriacookingclass.com\/it\/wp-json\/wp\/v2\/product\/690","targetHints":{"allow":["GET"]}}],"collection":[{"href":"https:\/\/latteriacookingclass.com\/it\/wp-json\/wp\/v2\/product"}],"about":[{"href":"https:\/\/latteriacookingclass.com\/it\/wp-json\/wp\/v2\/types\/product"}],"replies":[{"embeddable":true,"href":"https:\/\/latteriacookingclass.com\/it\/wp-json\/wp\/v2\/comments?post=690"}],"wp:featuredmedia":[{"embeddable":true,"href":"https:\/\/latteriacookingclass.com\/it\/wp-json\/wp\/v2\/media\/3266"}],"wp:attachment":[{"href":"https:\/\/latteriacookingclass.com\/it\/wp-json\/wp\/v2\/media?parent=690"}],"wp:term":[{"taxonomy":"product_brand","embeddable":true,"href":"https:\/\/latteriacookingclass.com\/it\/wp-json\/wp\/v2\/product_brand?post=690"},{"taxonomy":"product_cat","embeddable":true,"href":"https:\/\/latteriacookingclass.com\/it\/wp-json\/wp\/v2\/product_cat?post=690"},{"taxonomy":"product_tag","embeddable":true,"href":"https:\/\/latteriacookingclass.com\/it\/wp-json\/wp\/v2\/product_tag?post=690"}],"curies":[{"name":"wp","href":"https:\/\/api.w.org\/{rel}","templated":true}]}}